{"id":4178,"date":"2020-02-18T19:10:11","date_gmt":"2020-02-18T18:10:11","guid":{"rendered":"https:\/\/www.ilnespolo.it\/privacy\/"},"modified":"2020-02-18T19:10:15","modified_gmt":"2020-02-18T18:10:15","slug":"privacy","status":"publish","type":"page","link":"https:\/\/www.ilnespolo.it\/en\/privacy\/","title":{"rendered":"Privacy"},"content":{"rendered":"<p><strong>INFORMATIVA PER IL TRATTAMENTO DEI DATI PERSONALI<\/strong><\/p>\n<p>GA.VI.AN. Srl con sede legale in Via Bosco 33, 80074 Casamicciola Terme (NA), P.IVA 09037341212 (in seguito, \u201cTitolare\u201d), in qualit\u00e0 di titolare del trattamento, informa ai sensi dell\u2019art. 13 D.Lgs. 30.06.2003 n. 196 (in seguito, \u201cCodice Privacy\u201d) e dell\u2019art. 13 Regolamento UE n. 2016\/679 (in seguito, \u201cGDPR\u201d) che i dati forniti dagli utenti (gli \u201cUtenti\u201d) sul sito web\u00a0<a href=\"https:\/\/www.ilnespolo.it\/\">www.ilnespolo.it<\/a>\u00a0del Titolare (in seguito, \u201cSito\u201d), saranno trattati con le modalit\u00e0 e per le finalit\u00e0 seguenti:<\/p>\n<p>Oggetto del trattamento<\/p>\n<p>Il Titolare tratta i dati personali, identificativi e non sensibili (a titolo esemplificativo ma non esaustivo, nome, cognome, ragione sociale, indirizzo, telefono, e-mail \u2013 in seguito, \u201cDati personali\u201d o anche \u201cDati\u201d) comunicati dagli Utenti in occasione della registrazione al Sito, dell\u2019ordine online, della richiesta on-line di chiarimenti o richieste di supporto e dell\u2019invio di newsletter.<\/p>\n<p><strong>Finalit\u00e0 del trattamento<\/strong><\/p>\n<p>I Dati personali sono trattati:<\/p>\n<p>A) senza il consenso espresso dell\u2019Utente (art. 24 lett. a), b), c) Codice Privacy e art. 6 lett. b), e) GDPR), per le seguenti \u201cFinalit\u00e0 di Servizio\u201d:<\/p>\n<ul>\n<li>gestire e mantenere il Sito;<\/li>\n<li>permettere all\u2019Utente di fruire dei Servizi eventualmente richiesti;<\/li>\n<li>partecipare tramite il Sito ad iniziative organizzate dal Titolare (ad esempio, campagne promozionali);<\/li>\n<li>processare una richiesta di contatto;<\/li>\n<li>adempiere agli obblighi previsti dalla legge, da un regolamento, dalla normativa comunitaria o da un ordine dell\u2019Autorit\u00e0;<\/li>\n<li>adempiere obblighi connessi alla gestione dell\u2019iscrizione e dei rapporti con gli Utenti;<\/li>\n<li>prevenire o scoprire attivit\u00e0 fraudolente o abusi dannosi per il Sito;<\/li>\n<li>esercitare i diritti del Titolare, ad esempio il diritto di esercizio di un diritto in sede giudiziaria.<\/li>\n<\/ul>\n<p>B) Solo previo specifico e distinto consenso dell\u2019Utente (artt. 23 e 130 Codice Privacy e art. 7 GDPR), per le seguenti \u201cAltre Finalit\u00e0\u201d:<\/p>\n<ul>\n<li>inviare agli Utenti via e-mail sondaggi di opinione e di gradimento, newsletter e\/o inviti a campagne promozionali di cui \u00e8 parte o che organizza il Titolare.<\/li>\n<\/ul>\n<p><strong>Modalit\u00e0 del trattamento<\/strong><\/p>\n<p>Il trattamento dei Dati personali \u00e8 realizzato per mezzo delle operazioni indicate all\u2019art. 4 Codice Privacy e all\u2019art. 4 n. 2) GDPR e precisamente: raccolta, registrazione, organizzazione, conservazione, consultazione, elaborazione, modificazione, selezione, estrazione, raffronto, utilizzo, interconnessione, blocco, comunicazione, cancellazione e distruzione dei Dati. I Dati personali sono sottoposti a trattamento sia cartaceo che elettronico e\/o automatizzato, mediante l\u2019uso di sito web ospitato in ambiente server gestito da Polarcom in datacenter Europei. Il Titolare tratter\u00e0 i Dati personali per il tempo necessario per adempiere alle finalit\u00e0 di cui sopra e comunque per non oltre 10 anni dalla cessazione del rapporto per le Finalit\u00e0 di Servizio e per non oltre 2 anni dalla raccolta dei Dati per le Altre Finalit\u00e0.<\/p>\n<p><strong>Sicurezza<\/strong><\/p>\n<p>Il Titolare ha adottato una variet\u00e0 di misure di sicurezza per proteggere i Dati contro il rischio di perdita, abuso o alterazione. In particolare: ha adottato le misure di cui agli artt. 32-34 Codice Privacy e all\u2019art. 32 GDPR; utilizza la tecnologia di criptazione dei Dati e i protocolli protetti di trasmissione dei Dati.<\/p>\n<p><strong>Accesso ai Dati<\/strong><\/p>\n<p>I Dati potranno essere resi accessibili per le finalit\u00e0 di cui ai precedenti artt. 2.A) e 2.B):<\/p>\n<ul>\n<li>a dipendenti e collaboratori del Titolare, nella loro qualit\u00e0 di incaricati e\/o responsabili interni del trattamento e\/o amministratori di sistema;<\/li>\n<li>a societ\u00e0 terze o altri soggetti (a titolo indicativo, provider del sito web, cloud provider, provider servizio e-payment, fornitori, tecnici addetti all\u2019assistenza hardware e software, spedizionieri e vettori, istituti di credito, studi professionali, etc.) che svolgono attivit\u00e0 in outsourcing per conto del Titolare, nella loro qualit\u00e0 di responsabili del trattamento.<\/li>\n<\/ul>\n<p>Per i predetti fini, i dati personali conferiti saranno comunicati a soggetti terzi, autonomi titolari del trattamento, che erogano i singoli servizi turistici prenotati e che, per quanto qui non indicato, saranno tenuti a rendere informativa sui trattamenti da essi eseguiti. A titolo esemplificativo e non esaustivo, saranno comunicati a compagnie aeree o di navigazione o ferroviarie, alberghi, organizzatori di tour.<\/p>\n<p><strong>Comunicazione dei Dati<\/strong><\/p>\n<p>Senza l\u2019espresso consenso dell\u2019Utente (ex art. 24 lett. a), b), d) Codice Privacy e art. 6 lett. b) e c) GDPR), il Titolare potr\u00e0 comunicare i Dati per le finalit\u00e0 di cui all\u2019art. 2.A) a Organismi di vigilanza, Autorit\u00e0 giudiziarie nonch\u00e9 a tutti gli altri soggetti ai quali la comunicazione sia obbligatoria per legge per l\u2019espletamento delle finalit\u00e0 dette. I Vostri dati non saranno diffusi.<\/p>\n<p><strong>Trasferimento dati<\/strong><\/p>\n<p>La gestione e la conservazione dei dati personali avverr\u00e0 in Europa, su server ubicati in Olanda del Titolare e\/o di societ\u00e0 terze incaricate e debitamente nominate quali Responsabili del trattamento.<\/p>\n<p><strong>Natura del conferimento dei dati e conseguenze del rifiuto di rispondere<\/strong><\/p>\n<p>Il conferimento dei Dati per le finalit\u00e0 di cui all\u2019art. 2.A) \u00e8 obbligatorio. In loro assenza, non potranno essere garantite all\u2019Utente n\u00e9 la registrazione al Sito n\u00e9 i Servizi dell\u2019art. 2.A). Il conferimento dei Dati per le finalit\u00e0 di cui all\u2019art. 2.B) \u00e8 invece facoltativo. L\u2019Utente pu\u00f2 quindi decidere di non conferire alcun Dato o di negare successivamente la possibilit\u00e0 di trattare Dati gi\u00e0 forniti: in tal caso, non potrete ricevere via e-mail inviti ad eventi, newsletter e sondaggi di opinione e di gradimento. In ogni caso l\u2019Utente continuer\u00e0 ad avere diritto ai Servizi di cui all\u2019art. 2.A).<\/p>\n<p>Diritti dell\u2019interessato<\/p>\n<p>Nella qualit\u00e0 di interessati, gli Utenti hanno i diritti di cui all\u2019art. 7 Codice Privacy e art. 15 GDPR e precisamente i diritti di:<\/p>\n<ul>\n<li>ottenere la conferma dell&#8217;esistenza o meno di Dati personali che riguardano l\u2019Utente, anche se non ancora registrati, e la loro comunicazione in forma intelligibile;<\/li>\n<li>ottenere l&#8217;indicazione: a) dell&#8217;origine dei dati personali; b) delle finalit\u00e0 e modalit\u00e0 del trattamento; c) della logica applicata in caso di trattamento effettuato con l&#8217;ausilio di strumenti elettronici; d) degli estremi identificativi del titolare, dei responsabili e del rappresentante designato ai sensi dell&#8217;art. 5, comma 2 Codice Privacy e art. 3, comma 1, GDPR; e) dei soggetti o delle categorie di soggetti ai quali i dati personali possono essere comunicati o che possono venirne a conoscenza in qualit\u00e0 di rappresentante designato nel territorio dello Stato, di responsabili o incaricati;<\/li>\n<li>ottenere: a) l&#8217;aggiornamento, la rettificazione ovvero, quando l\u2019Utente vi abbia interesse, l&#8217;integrazione dei Dati; b) la cancellazione, la trasformazione in forma anonima o il blocco dei Dati trattati in violazione di legge, compresi quelli di cui non \u00e8 necessaria la conservazione in relazione agli scopi per i quali i Dati sono stati raccolti o successivamente trattati; c) l&#8217;attestazione che le operazioni di cui alle lettere a) e b) sono state portate a conoscenza, anche per quanto riguarda il loro contenuto, di coloro ai quali i Dati sono stati comunicati o diffusi, eccettuato il caso in cui tale adempimento si rivela impossibile o comporta un impiego di mezzi manifestamente sproporzionato rispetto al diritto tutelato;<\/li>\n<li>opporsi, in tutto o in parte: a) per motivi legittimi al trattamento dei Dati personali che riguardano gli Utenti, ancorch\u00e9 pertinenti allo scopo della raccolta; b) al trattamento di Dati personali che riguardano gli Utenti a fini di invio di materiale pubblicitario o di vendita diretta o per il compimento di ricerche di mercato o di comunicazione commerciale, mediante l\u2019uso di sistemi automatizzati di chiamata senza l\u2019intervento di un operatore mediante e-mail e\/o mediante modalit\u00e0 di marketing tradizionali mediante telefono e\/o posta cartacea. Si fa presente che il diritto di opposizione dell\u2019interessato, esposto al precedente punto b), per finalit\u00e0 di marketing diretto mediante modalit\u00e0 automatizzate si estende a quelle tradizionali e che comunque resta salva la possibilit\u00e0 per l\u2019interessato di esercitare il diritto di opposizione anche solo in parte. Pertanto, l\u2019interessato pu\u00f2 decidere di ricevere solo comunicazioni mediante modalit\u00e0 tradizionali ovvero solo comunicazioni automatizzate oppure nessuna delle due tipologie di comunicazione.<\/li>\n<\/ul>\n<p>Ove applicabili, agli Utenti sono riconosciuti altres\u00ec i diritti di cui agli artt. 16-21 GDPR (Diritto di rettifica, diritto all\u2019oblio, diritto di limitazione di trattamento, diritto alla portabilit\u00e0 dei dati, diritto di opposizione), nonch\u00e9 il diritto di reclamo all\u2019Autorit\u00e0 Garante.<\/p>\n<p><strong>Modalit\u00e0 di esercizio dei diritti<\/strong><\/p>\n<p>L\u2019Utente potr\u00e0 in qualsiasi momento esercitare i diritti inviando:<\/p>\n<p>una raccomandata a.r. a GA.VI.AN. Srl\u00a0 Via Bosco 33, 80074 Casamicciola Terme;<br \/>\nuna e-mail all\u2019indirizzo\u00a0a <a href=\"mailto:info@villaggihotelpuglia.com?subject=Richiesta%20cancellazione%20Newsletter\">info@ilnespolo.it<\/a><\/p>\n<p>Questo Sito e i Servizi del Titolare non sono destinati a minori di 18 anni e il Titolare non raccoglie intenzionalmente informazioni personali riferite ai minori. Nel caso in cui informazioni su minori fossero involontariamente registrate, il Titolare le canceller\u00e0 in modo tempestivo, su richiesta degli Utenti.<\/p>\n<p><strong>Titolare, responsabile e incaricati<\/strong><\/p>\n<p>Il Titolare del trattamento \u00e8 GA.VI.AN. Srl con sede legale in Via Bosco 33, 80074 Casamicciola Terme (NA), P.IVA 09037341212. L\u2019elenco aggiornato dei responsabili e degli incaricati al trattamento \u00e8 custodito presso la sede del Titolare del trattamento.<\/p>\n<p><strong>Modifiche alla presente Informativa<\/strong><\/p>\n<p>La presente Informativa pu\u00f2 subire variazioni. Si consiglia, quindi, di controllare regolarmente questa Informativa e di riferirsi alla versione pi\u00f9 aggiornata.<\/p>\n","protected":false},"excerpt":{"rendered":"<p>INFORMATIVA PER IL TRATTAMENTO DEI DATI PERSONALI GA.VI.AN. Srl con sede legale in Via Bosco 33, 80074 Casamicciola Terme (NA), P.IVA 09037341212 (in seguito, \u201cTitolare\u201d), in qualit\u00e0 di titolare del trattamento, informa ai sensi dell\u2019art. 13 D.Lgs. 30.06.2003 n. 196 [&hellip;]<\/p>\n","protected":false},"author":1,"featured_media":0,"parent":0,"menu_order":0,"comment_status":"closed","ping_status":"closed","template":"","meta":{"_acf_changed":false,"footnotes":""},"class_list":["post-4178","page","type-page","status-publish","hentry"],"acf":[],"yoast_head":"<!-- This site is optimized with the Yoast SEO plugin v23.8 - https:\/\/yoast.com\/wordpress\/plugins\/seo\/ -->\n<title>Privacy<\/title>\n<meta name=\"robots\" content=\"index, follow, max-snippet:-1, max-image-preview:large, max-video-preview:-1\" \/>\n<link rel=\"canonical\" href=\"https:\/\/www.ilnespolo.it\/en\/privacy\/\" \/>\n<meta property=\"og:locale\" content=\"en_US\" \/>\n<meta property=\"og:type\" content=\"article\" \/>\n<meta property=\"og:title\" content=\"Privacy\" \/>\n<meta property=\"og:description\" content=\"INFORMATIVA PER IL TRATTAMENTO DEI DATI PERSONALI GA.VI.AN. Srl con sede legale in Via Bosco 33, 80074 Casamicciola Terme (NA), P.IVA 09037341212 (in seguito, \u201cTitolare\u201d), in qualit\u00e0 di titolare del trattamento, informa ai sensi dell\u2019art. 13 D.Lgs. 30.06.2003 n. 196 [&hellip;]\" \/>\n<meta property=\"og:url\" content=\"https:\/\/www.ilnespolo.it\/en\/privacy\/\" \/>\n<meta property=\"og:site_name\" content=\"Hotel Il Nespolo\" \/>\n<meta property=\"article:publisher\" content=\"https:\/\/www.facebook.com\/Hotel-Il-Nespolo-134936569887082\" \/>\n<meta property=\"article:modified_time\" content=\"2020-02-18T18:10:15+00:00\" \/>\n<meta name=\"twitter:card\" content=\"summary_large_image\" \/>\n<meta name=\"twitter:label1\" content=\"Est. reading time\" \/>\n\t<meta name=\"twitter:data1\" content=\"7 minutes\" \/>\n<script type=\"application\/ld+json\" class=\"yoast-schema-graph\">{\"@context\":\"https:\/\/schema.org\",\"@graph\":[{\"@type\":\"WebPage\",\"@id\":\"https:\/\/www.ilnespolo.it\/en\/privacy\/\",\"url\":\"https:\/\/www.ilnespolo.it\/en\/privacy\/\",\"name\":\"Privacy\",\"isPartOf\":{\"@id\":\"https:\/\/www.ilnespolo.it\/en\/#website\"},\"datePublished\":\"2020-02-18T18:10:11+00:00\",\"dateModified\":\"2020-02-18T18:10:15+00:00\",\"breadcrumb\":{\"@id\":\"https:\/\/www.ilnespolo.it\/en\/privacy\/#breadcrumb\"},\"inLanguage\":\"en-US\",\"potentialAction\":[{\"@type\":\"ReadAction\",\"target\":[\"https:\/\/www.ilnespolo.it\/en\/privacy\/\"]}]},{\"@type\":\"BreadcrumbList\",\"@id\":\"https:\/\/www.ilnespolo.it\/en\/privacy\/#breadcrumb\",\"itemListElement\":[{\"@type\":\"ListItem\",\"position\":1,\"name\":\"Home\",\"item\":\"https:\/\/www.ilnespolo.it\/en\/\"},{\"@type\":\"ListItem\",\"position\":2,\"name\":\"Privacy\"}]},{\"@type\":\"WebSite\",\"@id\":\"https:\/\/www.ilnespolo.it\/en\/#website\",\"url\":\"https:\/\/www.ilnespolo.it\/en\/\",\"name\":\"Hotel Il Nespolo\",\"description\":\"Hotel 3 stelle Casamicciola Terme ad Ischia\",\"potentialAction\":[{\"@type\":\"SearchAction\",\"target\":{\"@type\":\"EntryPoint\",\"urlTemplate\":\"https:\/\/www.ilnespolo.it\/en\/?s={search_term_string}\"},\"query-input\":{\"@type\":\"PropertyValueSpecification\",\"valueRequired\":true,\"valueName\":\"search_term_string\"}}],\"inLanguage\":\"en-US\"}]}<\/script>\n<!-- \/ Yoast SEO plugin. -->","yoast_head_json":{"title":"Privacy","robots":{"index":"index","follow":"follow","max-snippet":"max-snippet:-1","max-image-preview":"max-image-preview:large","max-video-preview":"max-video-preview:-1"},"canonical":"https:\/\/www.ilnespolo.it\/en\/privacy\/","og_locale":"en_US","og_type":"article","og_title":"Privacy","og_description":"INFORMATIVA PER IL TRATTAMENTO DEI DATI PERSONALI GA.VI.AN. Srl con sede legale in Via Bosco 33, 80074 Casamicciola Terme (NA), P.IVA 09037341212 (in seguito, \u201cTitolare\u201d), in qualit\u00e0 di titolare del trattamento, informa ai sensi dell\u2019art. 13 D.Lgs. 30.06.2003 n. 196 [&hellip;]","og_url":"https:\/\/www.ilnespolo.it\/en\/privacy\/","og_site_name":"Hotel Il Nespolo","article_publisher":"https:\/\/www.facebook.com\/Hotel-Il-Nespolo-134936569887082","article_modified_time":"2020-02-18T18:10:15+00:00","twitter_card":"summary_large_image","twitter_misc":{"Est. reading time":"7 minutes"},"schema":{"@context":"https:\/\/schema.org","@graph":[{"@type":"WebPage","@id":"https:\/\/www.ilnespolo.it\/en\/privacy\/","url":"https:\/\/www.ilnespolo.it\/en\/privacy\/","name":"Privacy","isPartOf":{"@id":"https:\/\/www.ilnespolo.it\/en\/#website"},"datePublished":"2020-02-18T18:10:11+00:00","dateModified":"2020-02-18T18:10:15+00:00","breadcrumb":{"@id":"https:\/\/www.ilnespolo.it\/en\/privacy\/#breadcrumb"},"inLanguage":"en-US","potentialAction":[{"@type":"ReadAction","target":["https:\/\/www.ilnespolo.it\/en\/privacy\/"]}]},{"@type":"BreadcrumbList","@id":"https:\/\/www.ilnespolo.it\/en\/privacy\/#breadcrumb","itemListElement":[{"@type":"ListItem","position":1,"name":"Home","item":"https:\/\/www.ilnespolo.it\/en\/"},{"@type":"ListItem","position":2,"name":"Privacy"}]},{"@type":"WebSite","@id":"https:\/\/www.ilnespolo.it\/en\/#website","url":"https:\/\/www.ilnespolo.it\/en\/","name":"Hotel Il Nespolo","description":"Hotel 3 stelle Casamicciola Terme ad Ischia","potentialAction":[{"@type":"SearchAction","target":{"@type":"EntryPoint","urlTemplate":"https:\/\/www.ilnespolo.it\/en\/?s={search_term_string}"},"query-input":{"@type":"PropertyValueSpecification","valueRequired":true,"valueName":"search_term_string"}}],"inLanguage":"en-US"}]}},"_links":{"self":[{"href":"https:\/\/www.ilnespolo.it\/en\/wp-json\/wp\/v2\/pages\/4178","targetHints":{"allow":["GET"]}}],"collection":[{"href":"https:\/\/www.ilnespolo.it\/en\/wp-json\/wp\/v2\/pages"}],"about":[{"href":"https:\/\/www.ilnespolo.it\/en\/wp-json\/wp\/v2\/types\/page"}],"author":[{"embeddable":true,"href":"https:\/\/www.ilnespolo.it\/en\/wp-json\/wp\/v2\/users\/1"}],"replies":[{"embeddable":true,"href":"https:\/\/www.ilnespolo.it\/en\/wp-json\/wp\/v2\/comments?post=4178"}],"version-history":[{"count":1,"href":"https:\/\/www.ilnespolo.it\/en\/wp-json\/wp\/v2\/pages\/4178\/revisions"}],"predecessor-version":[{"id":4179,"href":"https:\/\/www.ilnespolo.it\/en\/wp-json\/wp\/v2\/pages\/4178\/revisions\/4179"}],"wp:attachment":[{"href":"https:\/\/www.ilnespolo.it\/en\/wp-json\/wp\/v2\/media?parent=4178"}],"curies":[{"name":"wp","href":"https:\/\/api.w.org\/{rel}","templated":true}]}}